{"id":973,"date":"2022-02-09T22:13:25","date_gmt":"2022-02-09T22:13:25","guid":{"rendered":"https:\/\/www.b-land.cz\/mall-benefit\/"},"modified":"2023-02-20T20:47:41","modified_gmt":"2023-02-20T20:47:41","slug":"mall-benefit","status":"publish","type":"page","link":"https:\/\/www.b-land.cz\/en\/mall-benefit\/","title":{"rendered":"Mall benefit"},"content":{"rendered":"<p>[et_pb_section fb_built=&#8221;1&#8243; _builder_version=&#8221;4.8.2&#8243; _module_preset=&#8221;default&#8221; custom_padding=&#8221;0px|||||&#8221; global_colors_info=&#8221;{}&#8221;][et_pb_row _builder_version=&#8221;4.8.2&#8243; _module_preset=&#8221;default&#8221; custom_padding=&#8221;56px|||||&#8221; global_colors_info=&#8221;{}&#8221;][et_pb_column type=&#8221;4_4&#8243; _builder_version=&#8221;4.8.2&#8243; _module_preset=&#8221;default&#8221; global_colors_info=&#8221;{}&#8221;][et_pb_text _builder_version=&#8221;4.11.4&#8243; _module_preset=&#8221;default&#8221; header_font=&#8221;|800|||||||&#8221; header_font_size=&#8221;42px&#8221; header_line_height=&#8221;1.8em&#8221; custom_margin=&#8221;||24px|||&#8221; hover_enabled=&#8221;0&#8243; global_colors_info=&#8221;{}&#8221; sticky_enabled=&#8221;0&#8243;]<\/p>\n<h1 style=\"text-align: center;\"><img loading=\"lazy\" decoding=\"async\" src=\"https:\/\/www.b-land.cz\/wp-content\/uploads\/2022\/02\/Slon.png\" alt=\"\" class=\"wp-image-789 alignright size-full\" width=\"166\" height=\"164\" \/>POPT\u00c1VKOV\u00dd FORMUL\u00c1\u0158<\/h1>\n<h3 style=\"text-align: center;\">DOM\u00c1C\u00cd ASISTENCE <span style=\"color: #e02b20;\">BENEFIT PROGRAM MALL.CZ<\/span><\/h3>\n<p>[\/et_pb_text][et_pb_text _builder_version=&#8221;4.11.4&#8243; _module_preset=&#8221;default&#8221; hover_enabled=&#8221;0&#8243; global_colors_info=&#8221;{}&#8221; sticky_enabled=&#8221;0&#8243;]<\/p>\n<h3 style=\"text-align: center;\">Specialista nebo hodinov\u00fd man\u017eel<\/h3>\n<p>[\/et_pb_text][\/et_pb_column][\/et_pb_row][et_pb_row _builder_version=&#8221;4.8.2&#8243; _module_preset=&#8221;default&#8221; global_colors_info=&#8221;{}&#8221;][et_pb_column type=&#8221;4_4&#8243; _builder_version=&#8221;4.8.2&#8243; _module_preset=&#8221;default&#8221; global_colors_info=&#8221;{}&#8221;][et_pb_contact_form use_spam_service=&#8221;on&#8221; recaptcha_list=&#8221;Default-0&#8243; email=&#8221;mall@b-land.cz&#8221; custom_message=&#8221;Zpr\u00e1va z mall-benefit||et_pb_line_break_holder||||et_pb_line_break_holder||Jm\u00e9no: %%Jm\u00e9no_a_p\u0159\u00edjmen\u00ed%%||et_pb_line_break_holder||Telefonn\u00ed \u010d\u00edslo: %%Telefon%%||et_pb_line_break_holder||E-mail: %%E-mailov\u00e1_adresa%%||et_pb_line_break_holder||Adresa z\u00e1sahu:%%Adresa_zasahu%%||et_pb_line_break_holder||||et_pb_line_break_holder||Poji\u0161\u0165ovna?:%%Z\u00c1SAH_V_R\u00c1MCI_POJI\u0160T\u011aN\u00cd_DOM\u00c1CNOSTI%%||et_pb_line_break_holder||||et_pb_line_break_holder||Jm\u00e9no poji\u0161\u0165ovny:%%Poji\u0161\u0165ovna%%||et_pb_line_break_holder||||et_pb_line_break_holder||Text zpr\u00e1vy: %%Message%%&#8221; success_message=&#8221;D\u011bkujeme za vypln\u011bn\u00ed, budeme V\u00e1s co nejd\u0159\u00edve kontaktovat. &#8221; _builder_version=&#8221;4.11.4&#8243; _module_preset=&#8221;default&#8221; form_field_background_color=&#8221;#ededed&#8221; form_field_text_color=&#8221;#545454&#8243; form_field_focus_background_color=&#8221;#f7f7f7&#8243; form_field_focus_text_color=&#8221;#000000&#8243; custom_button=&#8221;on&#8221; button_text_color=&#8221;#E02B20&#8243; hover_enabled=&#8221;0&#8243; box_shadow_style=&#8221;preset3&#8243; global_colors_info=&#8221;{}&#8221; title=&#8221;BENEFIT PROGRAM MALL.CZ&#8221; sticky_enabled=&#8221;0&#8243; title_text_color=&#8221;#FFFFFF&#8221; custom_margin=&#8221;||||false|false&#8221; custom_padding=&#8221;||||false|false&#8221;][et_pb_contact_field field_id=&#8221;Jm\u00e9no_a_p\u0159\u00edjmen\u00ed&#8221; field_title=&#8221;Jm\u00e9no a p\u0159\u00edjmen\u00ed&#8221; _builder_version=&#8221;4.11.4&#8243; global_colors_info=&#8221;{}&#8221; button_text_size__hover_enabled=&#8221;off&#8221; button_one_text_size__hover_enabled=&#8221;off&#8221; button_two_text_size__hover_enabled=&#8221;off&#8221; button_text_color__hover_enabled=&#8221;off&#8221; button_one_text_color__hover_enabled=&#8221;off&#8221; button_two_text_color__hover_enabled=&#8221;off&#8221; button_border_width__hover_enabled=&#8221;off&#8221; button_one_border_width__hover_enabled=&#8221;off&#8221; button_two_border_width__hover_enabled=&#8221;off&#8221; button_border_color__hover_enabled=&#8221;off&#8221; button_one_border_color__hover_enabled=&#8221;off&#8221; button_two_border_color__hover_enabled=&#8221;off&#8221; button_border_radius__hover_enabled=&#8221;off&#8221; button_one_border_radius__hover_enabled=&#8221;off&#8221; button_two_border_radius__hover_enabled=&#8221;off&#8221; button_letter_spacing__hover_enabled=&#8221;off&#8221; button_one_letter_spacing__hover_enabled=&#8221;off&#8221; button_two_letter_spacing__hover_enabled=&#8221;off&#8221; button_bg_color__hover_enabled=&#8221;off&#8221; button_one_bg_color__hover_enabled=&#8221;off&#8221; button_two_bg_color__hover_enabled=&#8221;off&#8221;][\/et_pb_contact_field][et_pb_contact_field field_id=&#8221;E-mailov\u00e1_adresa&#8221; field_title=&#8221;E-mailov\u00e1 adresa&#8221; _builder_version=&#8221;4.11.4&#8243; global_colors_info=&#8221;{}&#8221; button_text_size__hover_enabled=&#8221;off&#8221; button_one_text_size__hover_enabled=&#8221;off&#8221; button_two_text_size__hover_enabled=&#8221;off&#8221; button_text_color__hover_enabled=&#8221;off&#8221; button_one_text_color__hover_enabled=&#8221;off&#8221; button_two_text_color__hover_enabled=&#8221;off&#8221; button_border_width__hover_enabled=&#8221;off&#8221; button_one_border_width__hover_enabled=&#8221;off&#8221; button_two_border_width__hover_enabled=&#8221;off&#8221; button_border_color__hover_enabled=&#8221;off&#8221; button_one_border_color__hover_enabled=&#8221;off&#8221; button_two_border_color__hover_enabled=&#8221;off&#8221; button_border_radius__hover_enabled=&#8221;off&#8221; button_one_border_radius__hover_enabled=&#8221;off&#8221; button_two_border_radius__hover_enabled=&#8221;off&#8221; button_letter_spacing__hover_enabled=&#8221;off&#8221; button_one_letter_spacing__hover_enabled=&#8221;off&#8221; button_two_letter_spacing__hover_enabled=&#8221;off&#8221; button_bg_color__hover_enabled=&#8221;off&#8221; button_one_bg_color__hover_enabled=&#8221;off&#8221; button_two_bg_color__hover_enabled=&#8221;off&#8221;][\/et_pb_contact_field][et_pb_contact_field field_id=&#8221;Telefon&#8221; field_title=&#8221;Telefon&#8221; _builder_version=&#8221;4.8.2&#8243; global_colors_info=&#8221;{}&#8221; button_text_size__hover_enabled=&#8221;off&#8221; button_one_text_size__hover_enabled=&#8221;off&#8221; button_two_text_size__hover_enabled=&#8221;off&#8221; button_text_color__hover_enabled=&#8221;off&#8221; button_one_text_color__hover_enabled=&#8221;off&#8221; button_two_text_color__hover_enabled=&#8221;off&#8221; button_border_width__hover_enabled=&#8221;off&#8221; button_one_border_width__hover_enabled=&#8221;off&#8221; button_two_border_width__hover_enabled=&#8221;off&#8221; button_border_color__hover_enabled=&#8221;off&#8221; button_one_border_color__hover_enabled=&#8221;off&#8221; button_two_border_color__hover_enabled=&#8221;off&#8221; button_border_radius__hover_enabled=&#8221;off&#8221; button_one_border_radius__hover_enabled=&#8221;off&#8221; button_two_border_radius__hover_enabled=&#8221;off&#8221; button_letter_spacing__hover_enabled=&#8221;off&#8221; button_one_letter_spacing__hover_enabled=&#8221;off&#8221; button_two_letter_spacing__hover_enabled=&#8221;off&#8221; button_bg_color__hover_enabled=&#8221;off&#8221; button_one_bg_color__hover_enabled=&#8221;off&#8221; button_two_bg_color__hover_enabled=&#8221;off&#8221;][\/et_pb_contact_field][et_pb_contact_field field_id=&#8221;Adresa_zasahu&#8221; field_title=&#8221;Adresa z\u00e1sahu&#8221; _builder_version=&#8221;4.11.4&#8243; global_colors_info=&#8221;{}&#8221; button_text_size__hover_enabled=&#8221;off&#8221; button_one_text_size__hover_enabled=&#8221;off&#8221; button_two_text_size__hover_enabled=&#8221;off&#8221; button_text_color__hover_enabled=&#8221;off&#8221; button_one_text_color__hover_enabled=&#8221;off&#8221; button_two_text_color__hover_enabled=&#8221;off&#8221; button_border_width__hover_enabled=&#8221;off&#8221; button_one_border_width__hover_enabled=&#8221;off&#8221; button_two_border_width__hover_enabled=&#8221;off&#8221; button_border_color__hover_enabled=&#8221;off&#8221; button_one_border_color__hover_enabled=&#8221;off&#8221; button_two_border_color__hover_enabled=&#8221;off&#8221; button_border_radius__hover_enabled=&#8221;off&#8221; button_one_border_radius__hover_enabled=&#8221;off&#8221; button_two_border_radius__hover_enabled=&#8221;off&#8221; button_letter_spacing__hover_enabled=&#8221;off&#8221; button_one_letter_spacing__hover_enabled=&#8221;off&#8221; button_two_letter_spacing__hover_enabled=&#8221;off&#8221; button_bg_color__hover_enabled=&#8221;off&#8221; button_one_bg_color__hover_enabled=&#8221;off&#8221; button_two_bg_color__hover_enabled=&#8221;off&#8221;][\/et_pb_contact_field][et_pb_contact_field field_id=&#8221;Z\u00c1SAH_V_R\u00c1MCI_POJI\u0160T\u011aN\u00cd_DOM\u00c1CNOSTI&#8221; field_title=&#8221;Z\u00c1SAH V R\u00c1MCI POJI\u0160T\u011aN\u00cd DOM\u00c1CNOSTI&#8221; field_type=&#8221;checkbox&#8221; checkbox_options=&#8221;%91{%22value%22:%22Ano%22,%22checked%22:0,%22dragID%22:-1},{%22value%22:%22Ne%22,%22checked%22:0,%22dragID%22:0}%93&#8243; required_mark=&#8221;off&#8221; fullwidth_field=&#8221;on&#8221; _builder_version=&#8221;4.11.4&#8243; _module_preset=&#8221;default&#8221; global_colors_info=&#8221;{}&#8221;][\/et_pb_contact_field][et_pb_contact_field field_id=&#8221;Poji\u0161\u0165ovna&#8221; field_title=&#8221;Vypl\u0148te pros\u00edm poji\u0161\u0165ovnu, kde m\u00e1te uzav\u0159eno poji\u0161t\u011bn\u00ed.&#8221; field_type=&#8221;select&#8221; select_options=&#8221;%91{%22value%22:%22Allianz poji\u0161\u0165ovna, a. s.%22,%22checked%22:0,%22dragID%22:-1},{%22value%22:%22AXA poji\u0161\u0165ovna, a. s.%22,%22checked%22:0,%22dragID%22:0},{%22value%22:%22BNP Paribas Cardif Poji\u0161\u0165ovna, a.s.%22,%22checked%22:0,%22dragID%22:1},{%22value%22:%22\u010cesk\u00e1 podnikatelsk\u00e1 poji\u0161\u0165ovna, a. s.%22,%22checked%22:0,%22dragID%22:2},{%22value%22:%22\u010cesk\u00e1 poji\u0161\u0165ovna a. s.%22,%22checked%22:0,%22dragID%22:3},{%22value%22:%22\u010cSOB Poji\u0161\u0165ovna, a. s.%22,%22checked%22:0,%22dragID%22:4},{%22value%22:%22D.A.S. poji\u0161\u0165ovna pr\u00e1vn\u00ed ochrany, a. s.%22,%22checked%22:0,%22dragID%22:5},{%22value%22:%22Direct Poji\u0161\u0165ovna, a.s.%22,%22checked%22:0,%22dragID%22:6},{%22value%22:%22ERGO poji\u0161\u0165ovna, a.s.%22,%22checked%22:0,%22dragID%22:7},{%22value%22:%22ERV Evropsk\u00e1 poji\u0161\u0165ovna, a. s.%22,%22checked%22:0,%22dragID%22:8},{%22value%22:%22Generali Poji\u0161\u0165ovna a. s.%22,%22checked%22:0,%22dragID%22:9},{%22value%22:%22HALALI, v\u0161eobecn\u00e1 poji\u0161\u0165ovna, a. s.%22,%22checked%22:0,%22dragID%22:10},{%22value%22:%22Hasi\u010dsk\u00e1 vz\u00e1jemn\u00e1 poji\u0161\u0165ovna, a. s.%22,%22checked%22:0,%22dragID%22:11},{%22value%22:%22ING poji\u0161\u0165ovna, a.s.%22,%22checked%22:0,%22dragID%22:12},{%22value%22:%22Komer\u010dn\u00ed poji\u0161\u0165ovna, a. s.%22,%22checked%22:0,%22dragID%22:13},{%22value%22:%22Kooperativa, poji\u0161\u0165ovna, a. s.%22,%22checked%22:0,%22dragID%22:14},{%22value%22:%22Maxima poji\u0161\u0165ovna, a. s.%22,%22checked%22:0,%22dragID%22:15},{%22value%22:%22Poji\u0161\u0165ovna \u010cesk\u00e9 spo\u0159itelny, a. s.%22,%22checked%22:0,%22dragID%22:16},{%22value%22:%22PRVN\u00cd KLUBOV\u00c1 poji\u0161\u0165ovna a.s.%22,%22checked%22:0,%22dragID%22:17},{%22value%22:%22QBE Insurance (Europe) Limited%22,%22checked%22:0,%22dragID%22:18},{%22value%22:%22Servisn\u00ed poji\u0161\u0165ovna a. s.%22,%22checked%22:0,%22dragID%22:19},{%22value%22:%22Slavia poji\u0161\u0165ovna, a. s.%22,%22checked%22:0,%22dragID%22:20},{%22value%22:%22Union pois\u0165ov\u0148a, a.s.%22,%22checked%22:0,%22dragID%22:21}%93&#8243; required_mark=&#8221;off&#8221; fullwidth_field=&#8221;on&#8221; _builder_version=&#8221;4.11.4&#8243; _module_preset=&#8221;default&#8221; global_colors_info=&#8221;{}&#8221;][\/et_pb_contact_field][et_pb_contact_field field_id=&#8221;Message&#8221; field_title=&#8221;Stru\u010dn\u00fd popis z\u00e1vady &#8211; po telefonick\u00e9m kontaktu zjist\u00ed oper\u00e1tor dostupnost slu\u017eby na Va\u0161\u00ed adrese.&#8221; field_type=&#8221;text&#8221; required_mark=&#8221;off&#8221; fullwidth_field=&#8221;on&#8221; _builder_version=&#8221;4.11.4&#8243; hover_enabled=&#8221;0&#8243; global_colors_info=&#8221;{}&#8221; button_text_size__hover_enabled=&#8221;off&#8221; button_one_text_size__hover_enabled=&#8221;off&#8221; button_two_text_size__hover_enabled=&#8221;off&#8221; button_text_color__hover_enabled=&#8221;off&#8221; button_one_text_color__hover_enabled=&#8221;off&#8221; button_two_text_color__hover_enabled=&#8221;off&#8221; button_border_width__hover_enabled=&#8221;off&#8221; button_one_border_width__hover_enabled=&#8221;off&#8221; button_two_border_width__hover_enabled=&#8221;off&#8221; button_border_color__hover_enabled=&#8221;off&#8221; button_one_border_color__hover_enabled=&#8221;off&#8221; button_two_border_color__hover_enabled=&#8221;off&#8221; button_border_radius__hover_enabled=&#8221;off&#8221; button_one_border_radius__hover_enabled=&#8221;off&#8221; button_two_border_radius__hover_enabled=&#8221;off&#8221; button_letter_spacing__hover_enabled=&#8221;off&#8221; button_one_letter_spacing__hover_enabled=&#8221;off&#8221; button_two_letter_spacing__hover_enabled=&#8221;off&#8221; button_bg_color__hover_enabled=&#8221;off&#8221; button_one_bg_color__hover_enabled=&#8221;off&#8221; button_two_bg_color__hover_enabled=&#8221;off&#8221; sticky_enabled=&#8221;0&#8243;][\/et_pb_contact_field][\/et_pb_contact_form][\/et_pb_column][\/et_pb_row][\/et_pb_section][et_pb_section fb_built=&#8221;1&#8243; admin_label=&#8221;Contact Section&#8221; _builder_version=&#8221;3.25.3&#8243; background_size=&#8221;initial&#8221; module_alignment=&#8221;right&#8221; custom_padding=&#8221;3px||31px|||&#8221; global_colors_info=&#8221;{}&#8221;][et_pb_row admin_label=&#8221;Contact Area&#8221; _builder_version=&#8221;3.25&#8243; custom_margin=&#8221;10px|||&#8221; custom_padding=&#8221;|||&#8221; global_colors_info=&#8221;{}&#8221;][et_pb_column type=&#8221;4_4&#8243; _builder_version=&#8221;3.25&#8243; custom_padding=&#8221;|||&#8221; global_colors_info=&#8221;{}&#8221; custom_padding__hover=&#8221;|||&#8221;][et_pb_cta title=&#8221;Asistence 24\/7&#8243; button_url=&#8221;#&#8221; _builder_version=&#8221;4.8.2&#8243; header_level=&#8221;h4&#8243; header_font=&#8221;Bungee||||||||&#8221; header_line_height=&#8221;1.8em&#8221; body_font=&#8221;||||||||&#8221; body_line_height=&#8221;1.8em&#8221; background_color=&#8221;rgba(0,0,0,0)&#8221; custom_button=&#8221;on&#8221; button_text_size=&#8221;14px&#8221; button_text_color=&#8221;#0072ff&#8221; button_border_width=&#8221;0px&#8221; button_letter_spacing=&#8221;4px&#8221; button_font=&#8221;Bungee||||||||&#8221; button_use_icon=&#8221;off&#8221; background_layout=&#8221;light&#8221; custom_padding=&#8221;40px|30px|40px|30px|true|true&#8221; border_width_all=&#8221;1px&#8221; border_color_all=&#8221;rgba(51,51,51,0.12)&#8221; box_shadow_style=&#8221;preset1&#8243; button_text_color_hover=&#8221;#000000&#8243; button_bg_color_hover=&#8221;rgba(0,0,0,0)&#8221; locked=&#8221;off&#8221; global_colors_info=&#8221;{}&#8221; button_text_size__hover_enabled=&#8221;off&#8221; button_one_text_size__hover_enabled=&#8221;off&#8221; button_two_text_size__hover_enabled=&#8221;off&#8221; button_text_color__hover_enabled=&#8221;on&#8221; button_text_color__hover=&#8221;#000000&#8243; button_one_text_color__hover_enabled=&#8221;off&#8221; button_two_text_color__hover_enabled=&#8221;off&#8221; button_border_width__hover_enabled=&#8221;off&#8221; button_one_border_width__hover_enabled=&#8221;off&#8221; button_two_border_width__hover_enabled=&#8221;off&#8221; button_border_color__hover_enabled=&#8221;off&#8221; button_one_border_color__hover_enabled=&#8221;off&#8221; button_two_border_color__hover_enabled=&#8221;off&#8221; button_border_radius__hover_enabled=&#8221;off&#8221; button_one_border_radius__hover_enabled=&#8221;off&#8221; button_two_border_radius__hover_enabled=&#8221;off&#8221; button_letter_spacing__hover_enabled=&#8221;off&#8221; button_one_letter_spacing__hover_enabled=&#8221;off&#8221; button_two_letter_spacing__hover_enabled=&#8221;off&#8221; button_bg_color__hover_enabled=&#8221;on&#8221; button_bg_color__hover=&#8221;rgba(0,0,0,0)&#8221; button_one_bg_color__hover_enabled=&#8221;off&#8221; button_two_bg_color__hover_enabled=&#8221;off&#8221;]<\/p>\n<p>+420 702 057 021 <br \/>garance@b-land.cz<\/p>\n<p>[\/et_pb_cta][\/et_pb_column][\/et_pb_row][\/et_pb_section]<\/p>\n","protected":false},"excerpt":{"rendered":"<p>POPT\u00c1VKOV\u00dd FORMUL\u00c1\u0158 DOM\u00c1C\u00cd ASISTENCE BENEFIT PROGRAM MALL.CZSpecialista nebo hodinov\u00fd man\u017eel+420 702 057 021 garance@b-land.cz<\/p>\n","protected":false},"author":1,"featured_media":0,"parent":0,"menu_order":0,"comment_status":"closed","ping_status":"closed","template":"","meta":{"_et_pb_use_builder":"on","_et_pb_old_content":"","_et_gb_content_width":"","footnotes":""},"class_list":["post-973","page","type-page","status-publish","hentry"],"_links":{"self":[{"href":"https:\/\/www.b-land.cz\/en\/wp-json\/wp\/v2\/pages\/973","targetHints":{"allow":["GET"]}}],"collection":[{"href":"https:\/\/www.b-land.cz\/en\/wp-json\/wp\/v2\/pages"}],"about":[{"href":"https:\/\/www.b-land.cz\/en\/wp-json\/wp\/v2\/types\/page"}],"author":[{"embeddable":true,"href":"https:\/\/www.b-land.cz\/en\/wp-json\/wp\/v2\/users\/1"}],"replies":[{"embeddable":true,"href":"https:\/\/www.b-land.cz\/en\/wp-json\/wp\/v2\/comments?post=973"}],"version-history":[{"count":1,"href":"https:\/\/www.b-land.cz\/en\/wp-json\/wp\/v2\/pages\/973\/revisions"}],"predecessor-version":[{"id":978,"href":"https:\/\/www.b-land.cz\/en\/wp-json\/wp\/v2\/pages\/973\/revisions\/978"}],"wp:attachment":[{"href":"https:\/\/www.b-land.cz\/en\/wp-json\/wp\/v2\/media?parent=973"}],"curies":[{"name":"wp","href":"https:\/\/api.w.org\/{rel}","templated":true}]}}